{"id":5,"date":"2010-11-21T20:05:37","date_gmt":"2010-11-21T20:05:37","guid":{"rendered":"http:\/\/www.trautbildningar.se\/wordpress\/?page_id=5"},"modified":"2021-05-24T08:16:42","modified_gmt":"2021-05-24T08:16:42","slug":"bygg","status":"publish","type":"page","link":"https:\/\/www.trautbildningar.se\/wordpress\/program\/bygg\/","title":{"rendered":"Bygg- och anl\u00e4ggningsprogrammet"},"content":{"rendered":"<p><img loading=\"lazy\" decoding=\"async\" class=\"alignnone size-medium wp-image-805\" src=\"https:\/\/www.trautbildningar.se\/wordpress\/wp-content\/uploads\/2016\/10\/IMG_2137-368x490.jpg\" alt=\"\" width=\"368\" height=\"490\" srcset=\"https:\/\/www.trautbildningar.se\/wordpress\/wp-content\/uploads\/2016\/10\/IMG_2137-368x490.jpg 368w, https:\/\/www.trautbildningar.se\/wordpress\/wp-content\/uploads\/2016\/10\/IMG_2137-768x1024.jpg 768w, https:\/\/www.trautbildningar.se\/wordpress\/wp-content\/uploads\/2016\/10\/IMG_2137.jpg 1224w\" sizes=\"(max-width: 368px) 100vw, 368px\" \/><\/p>\n<h1><span style=\"color: #ff6600;\"><strong>Bygg- och anl\u00e4ggningsprogrammet<\/strong><\/span><\/h1>\n<ul>\n<li>\n<h3><a href=\"https:\/\/docs.google.com\/document\/d\/1Z6SrQV41DjOR1otSqSTDte1P80H0rG0oZX43unQkaiM\/edit?usp=sharing\"><span style=\"color: #ff6600;\">Programkatalog<\/span><\/a><\/h3>\n<\/li>\n<\/ul>\n<p><strong>Husbyggnad<\/strong><\/p>\n<p>Bygg och anl\u00e4ggningsprogrammet har fyra yrkesutg\u00e5ngar: Du kan v\u00e4lja mellan anl\u00e4ggare, murare, platts\u00e4ttare och tr\u00e4arbetare. Vi l\u00e4r ut grunderna i att bygga, underh\u00e5lla och renovera hus av och i olika material, men framf\u00f6rallt med tr\u00e4 som grundmaterial. Under det f\u00f6rsta \u00e5ret f\u00e5r du prova p\u00e5 olika yrken och d\u00e4refter v\u00e4ljer du en yrkesutg\u00e5ng.<\/p>\n<p>P\u00e5 Bygg och anl\u00e4ggningsprogrammet har du minst\u00a015 veckors APL (Arbetsplatsf\u00f6rlagt L\u00e4rande).<\/p>\n<p><strong>Arbetsmarknad<\/strong><\/p>\n<p><strong style=\"font-size: 16px;\">Efterfr\u00e5gan p\u00e5 yrkesutbildade ungdomar i byggbranschen \u00e4r stor och m\u00f6jligheten till arbete inom byggbranschen ser bara ut att \u00f6ka i framtiden. <a href=\"https:\/\/byggdinframtid.se\/yrken\/\">Du kan l\u00e4sa mer om yrken i byggbranschen h\u00e4r.\u00a0<\/a><\/strong><\/p>\n<p>Efter tre \u00e5r p\u00e5 bygg\u00a0och anl\u00e4ggningsprogrammet \u00e4r du klar att ta jobb som l\u00e4rling under ca tv\u00e5 \u00e5r med l\u00e4rlingsl\u00f6n och efter det har du r\u00e4tt till\u00a0ett yrkesbevis f\u00f6r respektive yrke som du valt.<\/p>\n<p><strong>Fortsatta studier<\/strong><\/p>\n<p>Man har m\u00f6jlighet att l\u00e4sa in grundl\u00e4ggande h\u00f6gskolebeh\u00f6righet och efter avslutad utbildning har du sedan m\u00f6jligheten att l\u00e4sa vidare vid h\u00f6gskola eller l\u00e4mplig Yrkesh\u00f6gskola (KY).<\/p>\n<p><strong>Ans\u00f6kan<\/strong><\/p>\n<p>Du ans\u00f6ker via SYV p\u00e5 den egna skolan.<\/p>\n<p>Bygg och anl\u00e4ggningsprogrammet tar in s\u00f6kande som \u00e4r <strong>nationellt beh\u00f6riga<\/strong> och n\u00e4r programmet \u00e4r fullt anv\u00e4nds <strong>meritv\u00e4rde<\/strong> som urval.<\/p>\n<h1><\/h1>\n<h1>Bygg och anl\u00e4ggningsprogrammet<\/h1>\n<p><iframe loading=\"lazy\" title=\"Bygg din framtid - Karl\" width=\"500\" height=\"281\" src=\"https:\/\/www.youtube.com\/embed\/sGvvAoFpZ0g?feature=oembed\" frameborder=\"0\" allow=\"accelerometer; autoplay; clipboard-write; encrypted-media; gyroscope; picture-in-picture; web-share\" referrerpolicy=\"strict-origin-when-cross-origin\" allowfullscreen><\/iframe><\/p>\n<p><iframe loading=\"lazy\" title=\"Bygg din framtid - Jeanette\" width=\"500\" height=\"281\" src=\"https:\/\/www.youtube.com\/embed\/n6bF1EHytjI?feature=oembed\" frameborder=\"0\" allow=\"accelerometer; autoplay; clipboard-write; encrypted-media; gyroscope; picture-in-picture; web-share\" referrerpolicy=\"strict-origin-when-cross-origin\" allowfullscreen><\/iframe><\/p>\n<p><iframe loading=\"lazy\" title=\"Bygg din framtid - Hanna\" width=\"500\" height=\"281\" src=\"https:\/\/www.youtube.com\/embed\/Bf0gGH1vWF4?feature=oembed\" frameborder=\"0\" allow=\"accelerometer; autoplay; clipboard-write; encrypted-media; gyroscope; picture-in-picture; web-share\" referrerpolicy=\"strict-origin-when-cross-origin\" allowfullscreen><\/iframe><\/p>\n<p><iframe loading=\"lazy\" title=\"Bygg din framtid - Anders\" width=\"500\" height=\"281\" src=\"https:\/\/www.youtube.com\/embed\/i40G52aBbPU?start=32&#038;feature=oembed\" frameborder=\"0\" allow=\"accelerometer; autoplay; clipboard-write; encrypted-media; gyroscope; picture-in-picture; web-share\" referrerpolicy=\"strict-origin-when-cross-origin\" allowfullscreen><\/iframe><\/p>\n","protected":false},"excerpt":{"rendered":"<p>Bygg- och anl\u00e4ggningsprogrammet Programkatalog Husbyggnad Bygg och anl\u00e4ggningsprogrammet har fyra yrkesutg\u00e5ngar: Du kan v\u00e4lja mellan anl\u00e4ggare, murare, platts\u00e4ttare och tr\u00e4arbetare. Vi l\u00e4r ut grunderna i att bygga, underh\u00e5lla och renovera hus av och i olika material, men framf\u00f6rallt med tr\u00e4 som grundmaterial. Under det f\u00f6rsta \u00e5ret f\u00e5r du prova p\u00e5 olika yrken och d\u00e4refter v\u00e4ljer [&hellip;]<\/p>\n","protected":false},"author":10,"featured_media":0,"parent":1074,"menu_order":10,"comment_status":"closed","ping_status":"closed","template":"","meta":{"footnotes":""},"class_list":["post-5","page","type-page","status-publish","hentry"],"_links":{"self":[{"href":"https:\/\/www.trautbildningar.se\/wordpress\/wp-json\/wp\/v2\/pages\/5"}],"collection":[{"href":"https:\/\/www.trautbildningar.se\/wordpress\/wp-json\/wp\/v2\/pages"}],"about":[{"href":"https:\/\/www.trautbildningar.se\/wordpress\/wp-json\/wp\/v2\/types\/page"}],"author":[{"embeddable":true,"href":"https:\/\/www.trautbildningar.se\/wordpress\/wp-json\/wp\/v2\/users\/10"}],"replies":[{"embeddable":true,"href":"https:\/\/www.trautbildningar.se\/wordpress\/wp-json\/wp\/v2\/comments?post=5"}],"version-history":[{"count":61,"href":"https:\/\/www.trautbildningar.se\/wordpress\/wp-json\/wp\/v2\/pages\/5\/revisions"}],"predecessor-version":[{"id":1907,"href":"https:\/\/www.trautbildningar.se\/wordpress\/wp-json\/wp\/v2\/pages\/5\/revisions\/1907"}],"up":[{"embeddable":true,"href":"https:\/\/www.trautbildningar.se\/wordpress\/wp-json\/wp\/v2\/pages\/1074"}],"wp:attachment":[{"href":"https:\/\/www.trautbildningar.se\/wordpress\/wp-json\/wp\/v2\/media?parent=5"}],"curies":[{"name":"wp","href":"https:\/\/api.w.org\/{rel}","templated":true}]}}