{"id":1593,"date":"2019-10-15T14:43:54","date_gmt":"2019-10-15T14:43:54","guid":{"rendered":"http:\/\/www.trautbildningar.se\/wordpress\/?page_id=1593"},"modified":"2024-10-11T10:47:01","modified_gmt":"2024-10-11T10:47:01","slug":"ansoka-till-komvux","status":"publish","type":"page","link":"https:\/\/www.trautbildningar.se\/wordpress\/ansoka-till-komvux\/","title":{"rendered":"Ans\u00f6ka till komvux"},"content":{"rendered":"\n<p>Du som \u00e4r vuxen och vill l\u00e4sa yrkespaketet f\u00f6r <strong>Tr\u00e4arbetare<\/strong> p\u00e5 komvux ans\u00f6ker via Utvecklingscentrums studie- och yrkesv\u00e4gledare. <\/p>\n\n\n\n<p><br>Studie- och yrkesv\u00e4gledare<br>Utvecklingscentrum<br>Tidsbokning 0651-184 54<\/p>\n\n\n\n<p>L\u00e4nk till: <a href=\"https:\/\/www.ljusdal.se\/utbildningforskola\/vuxenutbildning\/komvux.4.f03937e14b78554b842419d.html\">Utvecklingscentrums sida om komvux<\/a><\/p>\n","protected":false},"excerpt":{"rendered":"<p>Du som \u00e4r vuxen och vill l\u00e4sa yrkespaketet f\u00f6r Tr\u00e4arbetare p\u00e5 komvux ans\u00f6ker via Utvecklingscentrums studie- och yrkesv\u00e4gledare. Studie- och yrkesv\u00e4gledareUtvecklingscentrumTidsbokning 0651-184 54 L\u00e4nk till: Utvecklingscentrums sida om komvux<\/p>\n","protected":false},"author":10,"featured_media":0,"parent":0,"menu_order":0,"comment_status":"closed","ping_status":"closed","template":"","meta":{"footnotes":""},"class_list":["post-1593","page","type-page","status-publish","hentry"],"_links":{"self":[{"href":"https:\/\/www.trautbildningar.se\/wordpress\/wp-json\/wp\/v2\/pages\/1593"}],"collection":[{"href":"https:\/\/www.trautbildningar.se\/wordpress\/wp-json\/wp\/v2\/pages"}],"about":[{"href":"https:\/\/www.trautbildningar.se\/wordpress\/wp-json\/wp\/v2\/types\/page"}],"author":[{"embeddable":true,"href":"https:\/\/www.trautbildningar.se\/wordpress\/wp-json\/wp\/v2\/users\/10"}],"replies":[{"embeddable":true,"href":"https:\/\/www.trautbildningar.se\/wordpress\/wp-json\/wp\/v2\/comments?post=1593"}],"version-history":[{"count":5,"href":"https:\/\/www.trautbildningar.se\/wordpress\/wp-json\/wp\/v2\/pages\/1593\/revisions"}],"predecessor-version":[{"id":2324,"href":"https:\/\/www.trautbildningar.se\/wordpress\/wp-json\/wp\/v2\/pages\/1593\/revisions\/2324"}],"wp:attachment":[{"href":"https:\/\/www.trautbildningar.se\/wordpress\/wp-json\/wp\/v2\/media?parent=1593"}],"curies":[{"name":"wp","href":"https:\/\/api.w.org\/{rel}","templated":true}]}}