{"id":15,"date":"2010-11-21T20:08:30","date_gmt":"2010-11-21T20:08:30","guid":{"rendered":"http:\/\/www.trautbildningar.se\/wordpress\/?page_id=15"},"modified":"2024-08-23T11:25:11","modified_gmt":"2024-08-23T11:25:11","slug":"kontakt","status":"publish","type":"page","link":"https:\/\/www.trautbildningar.se\/wordpress\/kontakt\/","title":{"rendered":"Kontakt"},"content":{"rendered":"<p><a href=\"http:\/\/kartor.eniro.se\/query?what=maps&amp;search_word=&amp;geo_area=rattgatan+1+ljusdal&amp;from=\"><img loading=\"lazy\" decoding=\"async\" class=\"alignnone size-medium wp-image-105\" title=\"tragymnasiet_karta\" src=\"https:\/\/www.trautbildningar.se\/wordpress\/wp-content\/uploads\/2010\/11\/tragymnasiet_karta1-490x154.jpg\" alt=\"klicka f\u00f6r st\u00f6rre karta\" width=\"490\" height=\"154\" srcset=\"https:\/\/www.trautbildningar.se\/wordpress\/wp-content\/uploads\/2010\/11\/tragymnasiet_karta1-490x154.jpg 490w, https:\/\/www.trautbildningar.se\/wordpress\/wp-content\/uploads\/2010\/11\/tragymnasiet_karta1.jpg 604w\" sizes=\"(max-width: 490px) 100vw, 490px\" \/><\/a><\/p>\n<h1><span style=\"color: #000000;\"><strong>Kontakta oss<\/strong><\/span><\/h1>\n<h3>Telefon<\/h3>\n<p>Skolans telefonnummer: <strong>073-092 64 29<\/strong><\/p>\n<p>H\u00e4r kan du l\u00e4sa in meddelanden om att <em>bli uppringd<\/em>, l\u00e4mna <em>sjukanm\u00e4lningar<\/em> eller <em>information<\/em> till skolan.<br \/>\nT\u00e4nk p\u00e5 att presentera dig med namn och kontaktuppgifter.<\/p>\n<h3>Mail<\/h3>\n<p>Oftast \u00e4r det l\u00e4ttast att n\u00e5 en enskild person via e-mail:<\/p>\n<p><strong><span style=\"color: #800000;\"><em>f\u00f6rnamn<\/em><\/span>@trautbildningar.se<\/strong><\/p>\n<h3><a href=\"https:\/\/sms11.schoolsoft.se\/trautbildningar\/jsp\/Login.jsp\">Schoolsoft<\/a><\/h3>\n<p>F\u00f6r elever och f\u00f6r\u00e4ldrar anv\u00e4nder vi oss av schoolsoft som kommunikationsplattform. P\u00e5 schoolsoft kan du skicka meddelanden till l\u00e4rare.<\/p>\n<h3><strong>Postadress<\/strong><\/h3>\n<p>Tr\u00e4utbildningar i H\u00e4lsingland AB<br \/>\nRattgatan 1<br \/>\n827 35 Ljusdal<\/p>\n<h2><span style=\"color: #000000;\"><strong>Synpunkter om skolan<\/strong><\/span><\/h2>\n<p>Vi har som m\u00e5l att erbjuda god kvalitet i alla verksamheter. Inget \u00e4r s\u00e5 bra att det inte kan bli b\u00e4ttre och synpunkter kan alltid bidra till att utveckla verksamheten. Vet du hur vi kan bli b\u00e4ttre?<\/p>\n<p>Du kan skicka in synpunkter ber\u00f6m och id\u00e9er kring skolan via mail till<\/p>\n<h3><strong>Rektor<\/strong><\/h3>\n<p>Maria Erlandsson\u00a0 \u00a0 \u00a0 \u00a0 \u00a0 \u00a0 \u00a0 \u00a0 \u00a0 \u00a0Maria@trautbildningar.se\u00a0 \u00a0 \u00a0 \u00a0 \u00a0 \u00a0 \u00a0 \u00a0 \u00a0 \u00a0 073- 092 64 29<\/p>\n<h3>\n<strong>Huvudman<\/strong><\/h3>\n<p>Peter Engberg:\u00a0 \u00a0 \u00a0 \u00a0 \u00a0 \u00a0 \u00a0 info@engbergssnickerier.se\u00a0 \u00a0 \u00a0 \u00a0 \u00a0 \u00a0 \u00a0 \u00a0 \u00a0 \u00a0 070-671 30 61<\/p>\n<p>Om du l\u00e4mnar namn och adress, telefon eller e-postadress, kommer vi att meddela dig hur dina synpunkter tas om hand.<\/p>\n","protected":false},"excerpt":{"rendered":"<p>Kontakta oss Telefon Skolans telefonnummer: 073-092 64 29 H\u00e4r kan du l\u00e4sa in meddelanden om att bli uppringd, l\u00e4mna sjukanm\u00e4lningar eller information till skolan. T\u00e4nk p\u00e5 att presentera dig med namn och kontaktuppgifter. Mail Oftast \u00e4r det l\u00e4ttast att n\u00e5 en enskild person via e-mail: f\u00f6rnamn@trautbildningar.se Schoolsoft F\u00f6r elever och f\u00f6r\u00e4ldrar anv\u00e4nder vi oss av [&hellip;]<\/p>\n","protected":false},"author":10,"featured_media":0,"parent":0,"menu_order":40,"comment_status":"closed","ping_status":"closed","template":"","meta":{"footnotes":""},"class_list":["post-15","page","type-page","status-publish","hentry"],"_links":{"self":[{"href":"https:\/\/www.trautbildningar.se\/wordpress\/wp-json\/wp\/v2\/pages\/15"}],"collection":[{"href":"https:\/\/www.trautbildningar.se\/wordpress\/wp-json\/wp\/v2\/pages"}],"about":[{"href":"https:\/\/www.trautbildningar.se\/wordpress\/wp-json\/wp\/v2\/types\/page"}],"author":[{"embeddable":true,"href":"https:\/\/www.trautbildningar.se\/wordpress\/wp-json\/wp\/v2\/users\/10"}],"replies":[{"embeddable":true,"href":"https:\/\/www.trautbildningar.se\/wordpress\/wp-json\/wp\/v2\/comments?post=15"}],"version-history":[{"count":44,"href":"https:\/\/www.trautbildningar.se\/wordpress\/wp-json\/wp\/v2\/pages\/15\/revisions"}],"predecessor-version":[{"id":2252,"href":"https:\/\/www.trautbildningar.se\/wordpress\/wp-json\/wp\/v2\/pages\/15\/revisions\/2252"}],"wp:attachment":[{"href":"https:\/\/www.trautbildningar.se\/wordpress\/wp-json\/wp\/v2\/media?parent=15"}],"curies":[{"name":"wp","href":"https:\/\/api.w.org\/{rel}","templated":true}]}}