{"id":1210,"date":"2018-11-28T12:26:22","date_gmt":"2018-11-28T12:26:22","guid":{"rendered":"http:\/\/www.trautbildningar.se\/wordpress\/?page_id=1210"},"modified":"2025-01-07T10:43:35","modified_gmt":"2025-01-07T10:43:35","slug":"hem","status":"publish","type":"page","link":"https:\/\/www.trautbildningar.se\/wordpress\/","title":{"rendered":"V\u00e4lkommen till"},"content":{"rendered":"\n<figure class=\"wp-block-image\"><img loading=\"lazy\" decoding=\"async\" width=\"1024\" height=\"226\" src=\"https:\/\/www.trautbildningar.se\/wordpress\/wp-content\/uploads\/2024\/08\/Logga-liggande-Hemsida-2024-1-1024x226.jpg\" alt=\"\" class=\"wp-image-2236\" srcset=\"https:\/\/www.trautbildningar.se\/wordpress\/wp-content\/uploads\/2024\/08\/Logga-liggande-Hemsida-2024-1-1024x226.jpg 1024w, https:\/\/www.trautbildningar.se\/wordpress\/wp-content\/uploads\/2024\/08\/Logga-liggande-Hemsida-2024-1-490x108.jpg 490w, https:\/\/www.trautbildningar.se\/wordpress\/wp-content\/uploads\/2024\/08\/Logga-liggande-Hemsida-2024-1-768x170.jpg 768w, https:\/\/www.trautbildningar.se\/wordpress\/wp-content\/uploads\/2024\/08\/Logga-liggande-Hemsida-2024-1-1x1.jpg 1w, https:\/\/www.trautbildningar.se\/wordpress\/wp-content\/uploads\/2024\/08\/Logga-liggande-Hemsida-2024-1.jpg 1199w\" sizes=\"(max-width: 1024px) 100vw, 1024px\" \/><\/figure>\n\n\n\n<p>Vi \u00e4r en gymnasieskola med fokus p\u00e5 tr\u00e4 och hantverk. Hos oss kan du l\u00e4sa Bygg- och anl\u00e4ggningsprogrammet med inriktning p\u00e5 husbyggnad och tr\u00e4arbete. Vi erbjuder en familj\u00e4r l\u00e4rmilj\u00f6 d\u00e4r tradition m\u00f6ter nyt\u00e4nk, och v\u00e5ra engagerade l\u00e4rare hj\u00e4lper dig att utveckla b\u00e5de praktiska och teoretiska f\u00e4rdigheter.<\/p>\n\n\n\n<p>Utforska v\u00e5rt program och uppt\u00e4ck hur vi kan hj\u00e4lpa dig att forma din framtid inom byggbranschen. V\u00e4lkommen att bli en del av v\u00e5r gemenskap!<\/p>\n\n\n\n<p><\/p>\n\n\n\n<h3 class=\"wp-block-heading\"><\/h3>\n\n\n\n<h3 class=\"wp-block-heading\"><\/h3>\n\n\n\n<p><\/p>\n\n\n\n<p><\/p>\n\n\n\n<p><br><\/p>\n\n\n\n<p class=\"has-large-font-size\"><a href=\"https:\/\/www.trautbildningar.se\/wordpress\/kop-eller-bestall\/bestallningar\/\">Vi tar g\u00e4rna emot f\u00f6rfr\u00e5gningar! <\/a><\/p>\n\n\n\n<p>Nu i v\u00e5r har vi m\u00f6jlighet att boka in ditt byggprojekt i kalendern. Om du g\u00e5r i byggtankar s\u00e5 skicka in din f\u00f6rfr\u00e5gan p\u00e5 stugor\/utedass\/bastu\/Attefallare eller annat byggprojekt i tr\u00e4 s\u00e5 kan v\u00e5ra elever f\u00e5 r\u00e4kna och rita utefter dina \u00f6nskem\u00e5l!<\/p>\n","protected":false},"excerpt":{"rendered":"<p>Vi \u00e4r en gymnasieskola med fokus p\u00e5 tr\u00e4 och hantverk. Hos oss kan du l\u00e4sa Bygg- och anl\u00e4ggningsprogrammet med inriktning p\u00e5 husbyggnad och tr\u00e4arbete. Vi erbjuder en familj\u00e4r l\u00e4rmilj\u00f6 d\u00e4r tradition m\u00f6ter nyt\u00e4nk, och v\u00e5ra engagerade l\u00e4rare hj\u00e4lper dig att utveckla b\u00e5de praktiska och teoretiska f\u00e4rdigheter. Utforska v\u00e5rt program och uppt\u00e4ck hur vi kan hj\u00e4lpa [&hellip;]<\/p>\n","protected":false},"author":10,"featured_media":0,"parent":0,"menu_order":0,"comment_status":"closed","ping_status":"closed","template":"","meta":{"footnotes":""},"class_list":["post-1210","page","type-page","status-publish","hentry"],"_links":{"self":[{"href":"https:\/\/www.trautbildningar.se\/wordpress\/wp-json\/wp\/v2\/pages\/1210"}],"collection":[{"href":"https:\/\/www.trautbildningar.se\/wordpress\/wp-json\/wp\/v2\/pages"}],"about":[{"href":"https:\/\/www.trautbildningar.se\/wordpress\/wp-json\/wp\/v2\/types\/page"}],"author":[{"embeddable":true,"href":"https:\/\/www.trautbildningar.se\/wordpress\/wp-json\/wp\/v2\/users\/10"}],"replies":[{"embeddable":true,"href":"https:\/\/www.trautbildningar.se\/wordpress\/wp-json\/wp\/v2\/comments?post=1210"}],"version-history":[{"count":133,"href":"https:\/\/www.trautbildningar.se\/wordpress\/wp-json\/wp\/v2\/pages\/1210\/revisions"}],"predecessor-version":[{"id":2375,"href":"https:\/\/www.trautbildningar.se\/wordpress\/wp-json\/wp\/v2\/pages\/1210\/revisions\/2375"}],"wp:attachment":[{"href":"https:\/\/www.trautbildningar.se\/wordpress\/wp-json\/wp\/v2\/media?parent=1210"}],"curies":[{"name":"wp","href":"https:\/\/api.w.org\/{rel}","templated":true}]}}